{"id":397,"date":"2025-03-18T15:01:58","date_gmt":"2025-03-18T18:01:58","guid":{"rendered":"https:\/\/previews.elleven.digital\/imf\/?page_id=397"},"modified":"2025-03-27T17:25:22","modified_gmt":"2025-03-27T20:25:22","slug":"catalogos","status":"publish","type":"page","link":"https:\/\/previews.elleven.digital\/imf\/area-restrita\/catalogos\/","title":{"rendered":"Cat\u00e1logos"},"content":{"rendered":"<p>Mergulhe em nossa biblioteca de cat\u00e1logos e encontre conte\u00fados e<br class=\"hide-lg-less\"> saiba mais sobre a IMF LINCE.<\/p>\n","protected":false},"excerpt":{"rendered":"<p>Mergulhe em nossa biblioteca de cat\u00e1logos e encontre conte\u00fados e saiba mais sobre a IMF LINCE.<\/p>\n","protected":false},"author":1,"featured_media":0,"parent":342,"menu_order":3,"comment_status":"closed","ping_status":"closed","template":"template-area-restrita.php","meta":{"_acf_changed":false,"inline_featured_image":false,"footnotes":""},"class_list":["post-397","page","type-page","status-publish","hentry"],"acf":[],"yoast_head":"<!-- This site is optimized with the Yoast SEO plugin v24.6 - https:\/\/yoast.com\/wordpress\/plugins\/seo\/ -->\n<title>IMF Lince - Cat\u00e1logos<\/title>\n<meta name=\"robots\" content=\"index, follow, max-snippet:-1, max-image-preview:large, max-video-preview:-1\" \/>\n<link rel=\"canonical\" href=\"https:\/\/previews.elleven.digital\/imf\/area-restrita\/catalogos\/\" \/>\n<meta property=\"og:locale\" content=\"pt_BR\" \/>\n<meta property=\"og:type\" content=\"article\" \/>\n<meta property=\"og:title\" content=\"IMF Lince - Cat\u00e1logos\" \/>\n<meta property=\"og:description\" content=\"Mergulhe em nossa biblioteca de cat\u00e1logos e encontre conte\u00fados e saiba mais sobre a IMF LINCE.\" \/>\n<meta property=\"og:url\" content=\"https:\/\/previews.elleven.digital\/imf\/area-restrita\/catalogos\/\" \/>\n<meta property=\"og:site_name\" content=\"IMF Lince\" \/>\n<meta property=\"article:modified_time\" content=\"2025-03-27T20:25:22+00:00\" \/>\n<meta property=\"og:image\" content=\"https:\/\/previews.elleven.digital\/imf\/wp-content\/uploads\/2025\/03\/OG.png\" \/>\n\t<meta property=\"og:image:width\" content=\"1200\" \/>\n\t<meta property=\"og:image:height\" content=\"675\" \/>\n\t<meta property=\"og:image:type\" content=\"image\/png\" \/>\n<meta name=\"twitter:card\" content=\"summary_large_image\" \/>\n<script type=\"application\/ld+json\" class=\"yoast-schema-graph\">{\"@context\":\"https:\/\/schema.org\",\"@graph\":[{\"@type\":\"WebPage\",\"@id\":\"https:\/\/previews.elleven.digital\/imf\/area-restrita\/catalogos\/\",\"url\":\"https:\/\/previews.elleven.digital\/imf\/area-restrita\/catalogos\/\",\"name\":\"IMF Lince - Cat\u00e1logos\",\"isPartOf\":{\"@id\":\"https:\/\/previews.elleven.digital\/imf\/#website\"},\"datePublished\":\"2025-03-18T18:01:58+00:00\",\"dateModified\":\"2025-03-27T20:25:22+00:00\",\"breadcrumb\":{\"@id\":\"https:\/\/previews.elleven.digital\/imf\/area-restrita\/catalogos\/#breadcrumb\"},\"inLanguage\":\"pt-BR\",\"potentialAction\":[{\"@type\":\"ReadAction\",\"target\":[\"https:\/\/previews.elleven.digital\/imf\/area-restrita\/catalogos\/\"]}]},{\"@type\":\"BreadcrumbList\",\"@id\":\"https:\/\/previews.elleven.digital\/imf\/area-restrita\/catalogos\/#breadcrumb\",\"itemListElement\":[{\"@type\":\"ListItem\",\"position\":1,\"name\":\"In\u00edcio\",\"item\":\"https:\/\/previews.elleven.digital\/imf\/\"},{\"@type\":\"ListItem\",\"position\":2,\"name\":\"\u00c1rea Restrita\",\"item\":\"https:\/\/previews.elleven.digital\/imf\/area-restrita\/\"},{\"@type\":\"ListItem\",\"position\":3,\"name\":\"Cat\u00e1logos\"}]},{\"@type\":\"WebSite\",\"@id\":\"https:\/\/previews.elleven.digital\/imf\/#website\",\"url\":\"https:\/\/previews.elleven.digital\/imf\/\",\"name\":\"IMF Lince\",\"description\":\"Ind\u00fastria Metal\u00fargica Fabr\u00e3o\",\"publisher\":{\"@id\":\"https:\/\/previews.elleven.digital\/imf\/#organization\"},\"alternateName\":\"IMF Lince\",\"potentialAction\":[{\"@type\":\"SearchAction\",\"target\":{\"@type\":\"EntryPoint\",\"urlTemplate\":\"https:\/\/previews.elleven.digital\/imf\/?s={search_term_string}\"},\"query-input\":{\"@type\":\"PropertyValueSpecification\",\"valueRequired\":true,\"valueName\":\"search_term_string\"}}],\"inLanguage\":\"pt-BR\"},{\"@type\":\"Organization\",\"@id\":\"https:\/\/previews.elleven.digital\/imf\/#organization\",\"name\":\"IMF LINCE\",\"alternateName\":\"IMF LINCE\",\"url\":\"https:\/\/previews.elleven.digital\/imf\/\",\"logo\":{\"@type\":\"ImageObject\",\"inLanguage\":\"pt-BR\",\"@id\":\"https:\/\/previews.elleven.digital\/imf\/#\/schema\/logo\/image\/\",\"url\":\"https:\/\/previews.elleven.digital\/imf\/wp-content\/uploads\/2025\/03\/Logo.png\",\"contentUrl\":\"https:\/\/previews.elleven.digital\/imf\/wp-content\/uploads\/2025\/03\/Logo.png\",\"width\":696,\"height\":696,\"caption\":\"IMF LINCE\"},\"image\":{\"@id\":\"https:\/\/previews.elleven.digital\/imf\/#\/schema\/logo\/image\/\"}}]}<\/script>\n<!-- \/ Yoast SEO plugin. -->","yoast_head_json":{"title":"IMF Lince - Cat\u00e1logos","robots":{"index":"index","follow":"follow","max-snippet":"max-snippet:-1","max-image-preview":"max-image-preview:large","max-video-preview":"max-video-preview:-1"},"canonical":"https:\/\/previews.elleven.digital\/imf\/area-restrita\/catalogos\/","og_locale":"pt_BR","og_type":"article","og_title":"IMF Lince - Cat\u00e1logos","og_description":"Mergulhe em nossa biblioteca de cat\u00e1logos e encontre conte\u00fados e saiba mais sobre a IMF LINCE.","og_url":"https:\/\/previews.elleven.digital\/imf\/area-restrita\/catalogos\/","og_site_name":"IMF Lince","article_modified_time":"2025-03-27T20:25:22+00:00","og_image":[{"width":1200,"height":675,"url":"https:\/\/previews.elleven.digital\/imf\/wp-content\/uploads\/2025\/03\/OG.png","type":"image\/png"}],"twitter_card":"summary_large_image","schema":{"@context":"https:\/\/schema.org","@graph":[{"@type":"WebPage","@id":"https:\/\/previews.elleven.digital\/imf\/area-restrita\/catalogos\/","url":"https:\/\/previews.elleven.digital\/imf\/area-restrita\/catalogos\/","name":"IMF Lince - Cat\u00e1logos","isPartOf":{"@id":"https:\/\/previews.elleven.digital\/imf\/#website"},"datePublished":"2025-03-18T18:01:58+00:00","dateModified":"2025-03-27T20:25:22+00:00","breadcrumb":{"@id":"https:\/\/previews.elleven.digital\/imf\/area-restrita\/catalogos\/#breadcrumb"},"inLanguage":"pt-BR","potentialAction":[{"@type":"ReadAction","target":["https:\/\/previews.elleven.digital\/imf\/area-restrita\/catalogos\/"]}]},{"@type":"BreadcrumbList","@id":"https:\/\/previews.elleven.digital\/imf\/area-restrita\/catalogos\/#breadcrumb","itemListElement":[{"@type":"ListItem","position":1,"name":"In\u00edcio","item":"https:\/\/previews.elleven.digital\/imf\/"},{"@type":"ListItem","position":2,"name":"\u00c1rea Restrita","item":"https:\/\/previews.elleven.digital\/imf\/area-restrita\/"},{"@type":"ListItem","position":3,"name":"Cat\u00e1logos"}]},{"@type":"WebSite","@id":"https:\/\/previews.elleven.digital\/imf\/#website","url":"https:\/\/previews.elleven.digital\/imf\/","name":"IMF Lince","description":"Ind\u00fastria Metal\u00fargica Fabr\u00e3o","publisher":{"@id":"https:\/\/previews.elleven.digital\/imf\/#organization"},"alternateName":"IMF Lince","potentialAction":[{"@type":"SearchAction","target":{"@type":"EntryPoint","urlTemplate":"https:\/\/previews.elleven.digital\/imf\/?s={search_term_string}"},"query-input":{"@type":"PropertyValueSpecification","valueRequired":true,"valueName":"search_term_string"}}],"inLanguage":"pt-BR"},{"@type":"Organization","@id":"https:\/\/previews.elleven.digital\/imf\/#organization","name":"IMF LINCE","alternateName":"IMF LINCE","url":"https:\/\/previews.elleven.digital\/imf\/","logo":{"@type":"ImageObject","inLanguage":"pt-BR","@id":"https:\/\/previews.elleven.digital\/imf\/#\/schema\/logo\/image\/","url":"https:\/\/previews.elleven.digital\/imf\/wp-content\/uploads\/2025\/03\/Logo.png","contentUrl":"https:\/\/previews.elleven.digital\/imf\/wp-content\/uploads\/2025\/03\/Logo.png","width":696,"height":696,"caption":"IMF LINCE"},"image":{"@id":"https:\/\/previews.elleven.digital\/imf\/#\/schema\/logo\/image\/"}}]}},"_links":{"self":[{"href":"https:\/\/previews.elleven.digital\/imf\/wp-json\/wp\/v2\/pages\/397","targetHints":{"allow":["GET"]}}],"collection":[{"href":"https:\/\/previews.elleven.digital\/imf\/wp-json\/wp\/v2\/pages"}],"about":[{"href":"https:\/\/previews.elleven.digital\/imf\/wp-json\/wp\/v2\/types\/page"}],"author":[{"embeddable":true,"href":"https:\/\/previews.elleven.digital\/imf\/wp-json\/wp\/v2\/users\/1"}],"replies":[{"embeddable":true,"href":"https:\/\/previews.elleven.digital\/imf\/wp-json\/wp\/v2\/comments?post=397"}],"version-history":[{"count":3,"href":"https:\/\/previews.elleven.digital\/imf\/wp-json\/wp\/v2\/pages\/397\/revisions"}],"predecessor-version":[{"id":14558,"href":"https:\/\/previews.elleven.digital\/imf\/wp-json\/wp\/v2\/pages\/397\/revisions\/14558"}],"up":[{"embeddable":true,"href":"https:\/\/previews.elleven.digital\/imf\/wp-json\/wp\/v2\/pages\/342"}],"wp:attachment":[{"href":"https:\/\/previews.elleven.digital\/imf\/wp-json\/wp\/v2\/media?parent=397"}],"curies":[{"name":"wp","href":"https:\/\/api.w.org\/{rel}","templated":true}]}}