{"id":3,"date":"2025-03-05T17:47:31","date_gmt":"2025-03-05T20:47:31","guid":{"rendered":"https:\/\/previews.elleven.digital\/imf\/?page_id=3"},"modified":"2025-03-14T14:38:49","modified_gmt":"2025-03-14T17:38:49","slug":"politica-de-privacidade","status":"publish","type":"page","link":"https:\/\/previews.elleven.digital\/imf\/politica-de-privacidade\/","title":{"rendered":"Pol\u00edtica de privacidade"},"content":{"rendered":"<div class=\"py-40 py-60-lg-over\">\n<h1><span style=\"color: #6b6a7b;\">Pol\u00edtica de Privacidade<\/span><\/h1>\n<p><span style=\"color: #6b6a7b;\">A sua privacidade \u00e9 importante para n\u00f3s. \u00c9 pol\u00edtica da IMF LINCE respeitar a sua privacidade em rela\u00e7\u00e3o a qualquer informa\u00e7\u00e3o sua que possamos coletar em nosso site.<\/span><\/p>\n<p><span style=\"color: #6b6a7b;\">Solicitamos informa\u00e7\u00f5es pessoais apenas quando realmente precisamos delas para lhe fornecer um servi\u00e7o. Fazemo-lo por meios justos e legais, com o seu conhecimento e consentimento. Al\u00e9m disso, informamos o motivo de estarmos coletando cada informa\u00e7\u00e3o e como ser\u00e1 usada.<\/span><\/p>\n<p><span style=\"color: #6b6a7b;\">Apenas retemos as informa\u00e7\u00f5es coletadas pelo tempo necess\u00e1rio para fornecer o servi\u00e7o solicitado. Quando armazenamos dados, os protegemos dentro de meios comercialmente aceit\u00e1veis para evitar perdas e roubos, bem como acesso, divulga\u00e7\u00e3o, c\u00f3pia, uso ou modifica\u00e7\u00e3o n\u00e3o autorizados.<\/span><\/p>\n<p><span style=\"color: #6b6a7b;\">N\u00e3o compartilhamos informa\u00e7\u00f5es de identifica\u00e7\u00e3o pessoal publicamente ou com terceiros, exceto quando exigido por lei.<\/span><\/p>\n<p><span style=\"color: #6b6a7b;\">O nosso site pode ter links para sites externos que n\u00e3o s\u00e3o operados por n\u00f3s. Esteja ciente de que n\u00e3o temos controle sobre o conte\u00fado e as pr\u00e1ticas desses sites e n\u00e3o podemos aceitar responsabilidade por suas respectivas pol\u00edticas de privacidade.<\/span><\/p>\n<p><span style=\"color: #6b6a7b;\">Voc\u00ea \u00e9 livre para recusar a nossa solicita\u00e7\u00e3o de informa\u00e7\u00f5es pessoais, entendendo que talvez n\u00e3o possamos fornecer alguns dos servi\u00e7os desejados a partir disso.<\/span><\/p>\n<p><span style=\"color: #6b6a7b;\">O uso continuado de nosso site ser\u00e1 considerado como aceita\u00e7\u00e3o de nossas pr\u00e1ticas em torno de privacidade e informa\u00e7\u00f5es pessoais. Se voc\u00ea tiver alguma d\u00favida sobre como lidamos com dados do usu\u00e1rio e informa\u00e7\u00f5es pessoais, entre em contato conosco.<\/span><\/p>\n<h2 id=\"politica-de-cookies\"><span style=\"color: #6b6a7b;\">Pol\u00edtica de Cookies<\/span><\/h2>\n<h3><span style=\"color: #6b6a7b;\">O que s\u00e3o cookies?<\/span><\/h3>\n<p><span style=\"color: #6b6a7b;\">Como \u00e9 pr\u00e1tica comum em quase todos os sites profissionais, este site usa cookies, que s\u00e3o pequenos arquivos baixados no seu computador, para melhorar sua experi\u00eancia. Esta p\u00e1gina descreve quais informa\u00e7\u00f5es eles coletam, como as usamos e o motivo pelo qual \u00e0s vezes precisamos armazenar esses cookies. Tamb\u00e9m compartilharemos como voc\u00ea pode impedir que os cookies sejam armazenados, no entanto, isso pode fazer o downgrade ou \u2018quebrar\u2019 certos elementos da funcionalidade do site.<\/span><\/p>\n<h3><span style=\"color: #6b6a7b;\">Como usamos os cookies?<\/span><\/h3>\n<p><span style=\"color: #6b6a7b;\">Utilizamos cookies por v\u00e1rios motivos, detalhados abaixo. Infelizmente, na maioria dos casos, n\u00e3o existem op\u00e7\u00f5es padr\u00e3o do setor para desativar os cookies sem desativar completamente a funcionalidade e os recursos que eles adicionam a este site. \u00c9 recomend\u00e1vel que voc\u00ea deixe todos os cookies se n\u00e3o tiver certeza se precisa deles ou n\u00e3o para obter nossos servi\u00e7os.<\/span><\/p>\n<h3><span style=\"color: #6b6a7b;\">Desativar cookies<\/span><\/h3>\n<p><span style=\"color: #6b6a7b;\">Voc\u00ea pode impedir a configura\u00e7\u00e3o de cookies ajustando as configura\u00e7\u00f5es do seu navegador (consulte a Ajuda do navegador para saber como fazer isso). Esteja ciente de que a desativa\u00e7\u00e3o de cookies afetar\u00e1 a funcionalidade deste e de muitos outros sites que voc\u00ea visita. A desativa\u00e7\u00e3o de cookies geralmente resultar\u00e1 na desativa\u00e7\u00e3o de determinadas funcionalidades e recursos deste site. Portanto, \u00e9 recomend\u00e1vel que voc\u00ea n\u00e3o desative os cookies.<\/span><\/p>\n<h3><span style=\"color: #6b6a7b;\">Cookies que definimos<\/span><\/h3>\n<ul>\n<li><span style=\"color: #6b6a7b;\">Cookies relacionados \u00e0 conta: se voc\u00ea criar uma conta conosco, usaremos cookies para o gerenciamento do processo de inscri\u00e7\u00e3o e administra\u00e7\u00e3o geral. Esses cookies geralmente ser\u00e3o exclu\u00eddos quando voc\u00ea sair do sistema, por\u00e9m, em alguns casos, eles poder\u00e3o permanecer posteriormente para lembrar as prefer\u00eancias do seu site ao sair.<\/span><\/li>\n<li><span style=\"color: #6b6a7b;\">Cookies relacionados ao login: utilizamos cookies quando voc\u00ea est\u00e1 logado para que possamos lembrar dessa a\u00e7\u00e3o. Isso evita que voc\u00ea precise fazer login sempre que visitar uma nova p\u00e1gina. Esses cookies s\u00e3o normalmente removidos ou limpos quando voc\u00ea efetua logout, para garantir que voc\u00ea possa acessar recursos e \u00e1reas restritas apenas ao efetuar login.<\/span><\/li>\n<li><span style=\"color: #6b6a7b;\">Cookies relacionados a boletins por e-mail: este site oferece servi\u00e7os de assinatura de boletim informativo ou e-mail e os cookies podem ser usados para lembrar se voc\u00ea j\u00e1 est\u00e1 registrado e se deve mostrar determinadas notifica\u00e7\u00f5es v\u00e1lidas apenas para usu\u00e1rios inscritos\/n\u00e3o inscritos.<\/span><\/li>\n<li><span style=\"color: #6b6a7b;\">Pedidos processando cookies relacionados: este site oferece facilidades de com\u00e9rcio eletr\u00f4nico ou pagamento e alguns cookies s\u00e3o essenciais para garantir que seu pedido seja lembrado entre as p\u00e1ginas para que possamos process\u00e1-lo adequadamente.<\/span><\/li>\n<li><span style=\"color: #6b6a7b;\">Cookies relacionados a pesquisas: periodicamente, oferecemos pesquisas e question\u00e1rios para fornecer informa\u00e7\u00f5es interessantes, ferramentas \u00fateis ou para entender nossa base de usu\u00e1rios com mais precis\u00e3o. Essas pesquisas podem usar cookies para lembrar quem j\u00e1 participou de uma pesquisa anterior ou para fornecer resultados precisos ap\u00f3s a altera\u00e7\u00e3o das p\u00e1ginas.<\/span><\/li>\n<li><span style=\"color: #6b6a7b;\">Cookies relacionados a formul\u00e1rios: quando voc\u00ea envia dados por meio de um formul\u00e1rio, como os encontrados nas p\u00e1ginas de contato ou nos coment\u00e1rios, os cookies podem ser configurados para lembrar os detalhes do usu\u00e1rio para correspond\u00eancia futura.<\/span><\/li>\n<li><span style=\"color: #6b6a7b;\">Cookies de prefer\u00eancias do site: para proporcionar uma \u00f3tima experi\u00eancia neste site, fornecemos a funcionalidade para definir suas prefer\u00eancias de como o site \u00e9 executado quando voc\u00ea o usa. Para lembrar suas prefer\u00eancias, precisamos definir cookies para que essas informa\u00e7\u00f5es possam ser apresentadas sempre que voc\u00ea interagir com uma p\u00e1gina afetada por suas prefer\u00eancias.<\/span><\/li>\n<\/ul>\n<h3><span style=\"color: #6b6a7b;\">Cookies de Terceiros<\/span><\/h3>\n<p><span style=\"color: #6b6a7b;\">Em alguns casos especiais, tamb\u00e9m usamos cookies fornecidos por terceiros confi\u00e1veis. A se\u00e7\u00e3o a seguir detalha quais cookies de terceiros voc\u00ea pode encontrar por meio deste site.<\/span><\/p>\n<ul>\n<li><span style=\"color: #6b6a7b;\">Este site usa o Google Analytics, que \u00e9 uma das solu\u00e7\u00f5es de an\u00e1lise mais difundidas e confi\u00e1veis da Web, para nos ajudar a entender como voc\u00ea usa o site e como podemos melhorar sua experi\u00eancia. Esses cookies podem rastrear itens como quanto tempo voc\u00ea gasta no site e as p\u00e1ginas visitadas, para que possamos continuar produzindo conte\u00fado atraente. Para mais informa\u00e7\u00f5es sobre cookies do Google Analytics, consulte a p\u00e1gina oficial da plataforma.<\/span><\/li>\n<li><span style=\"color: #6b6a7b;\">As an\u00e1lises de terceiros s\u00e3o usadas para rastrear e medir o uso deste site para que possamos continuar produzindo conte\u00fado atrativo. Esses cookies podem rastrear itens como o tempo que voc\u00ea passa no site ou as p\u00e1ginas visitadas, o que nos ajuda a entender como podemos melhorar o site para voc\u00ea.<\/span><\/li>\n<li><span style=\"color: #6b6a7b;\">Periodicamente, testamos novos recursos e fazemos altera\u00e7\u00f5es sutis na maneira como o site se apresenta. Quando ainda estamos testando novos recursos, esses cookies podem ser usados para garantir que voc\u00ea receba uma experi\u00eancia consistente enquanto estiver no site, enquanto entendemos quais otimiza\u00e7\u00f5es os nossos usu\u00e1rios mais apreciam.<\/span><\/li>\n<li><span style=\"color: #6b6a7b;\">\u00c0 medida que vendemos produtos, \u00e9 importante entendermos as estat\u00edsticas sobre quantos visitantes de nosso site realmente compram e, portanto, esse \u00e9 o tipo de dado que esses cookies rastrear\u00e3o. Isso \u00e9 importante para voc\u00ea, pois significa que podemos fazer previs\u00f5es de neg\u00f3cios com precis\u00e3o que nos permita analisar nossos custos de publicidade e produtos para garantir o melhor pre\u00e7o poss\u00edvel.<\/span><\/li>\n<\/ul>\n<h3><span style=\"color: #6b6a7b;\">Compromisso do Usu\u00e1rio<\/span><\/h3>\n<p><span style=\"color: #6b6a7b;\">O usu\u00e1rio se compromete a fazer uso adequado dos conte\u00fados e da informa\u00e7\u00e3o que a IMF LINCE oferece no site e, com car\u00e1ter enunciativo, mas n\u00e3o limitativo:<\/span><\/p>\n<ul>\n<li><span style=\"color: #6b6a7b;\">N\u00e3o se envolver em atividades que sejam ilegais ou contr\u00e1rias \u00e0 boa f\u00e9 e \u00e0 ordem p\u00fablica;<\/span><\/li>\n<li><span style=\"color: #6b6a7b;\">N\u00e3o difundir propaganda ou conte\u00fado de natureza racista ou xenof\u00f3bica, apostas desportivas, jogos de sorte e azar ou qualquer tipo de pornografia ilegal, apologia ao terrorismo ou contra os direitos humanos;<\/span><\/li>\n<li><span style=\"color: #6b6a7b;\">N\u00e3o causar danos aos sistemas f\u00edsicos (hardwares) e l\u00f3gicos (softwares) da IMF LINCE, de seus fornecedores ou terceiros, para introduzir ou disseminar v\u00edrus inform\u00e1ticos ou quaisquer outros sistemas de hardware ou software que sejam capazes de causar danos anteriormente mencionados.<\/span><\/li>\n<\/ul>\n<h3><span style=\"color: #6b6a7b;\">Mais informa\u00e7\u00f5es<\/span><\/h3>\n<p><span style=\"color: #6b6a7b;\">Esperamos que esteja esclarecido e, como mencionado anteriormente, se houver alguma situa\u00e7\u00e3o em que voc\u00ea n\u00e3o tenha certeza se precisa ou n\u00e3o dos cookies, geralmente \u00e9 mais seguro deix\u00e1-los ativados, pois podem interagir com um dos recursos que voc\u00ea utiliza em nosso site.<\/span><\/p>\n<\/div>\n","protected":false},"excerpt":{"rendered":"<p>Pol\u00edtica de Privacidade A sua privacidade \u00e9 importante para n\u00f3s. \u00c9 pol\u00edtica da IMF LINCE respeitar a sua privacidade em rela\u00e7\u00e3o a qualquer informa\u00e7\u00e3o sua que possamos coletar em nosso site. Solicitamos informa\u00e7\u00f5es pessoais apenas quando realmente precisamos delas para lhe fornecer um servi\u00e7o. Fazemo-lo por meios justos e legais, com o seu conhecimento e [&hellip;]<\/p>\n","protected":false},"author":1,"featured_media":0,"parent":0,"menu_order":20,"comment_status":"closed","ping_status":"open","template":"","meta":{"_acf_changed":false,"inline_featured_image":false,"footnotes":""},"class_list":["post-3","page","type-page","status-publish","hentry"],"acf":[],"yoast_head":"<!-- This site is optimized with the Yoast SEO plugin v24.6 - https:\/\/yoast.com\/wordpress\/plugins\/seo\/ -->\n<title>IMF Lince - Pol\u00edtica de privacidade<\/title>\n<meta name=\"robots\" content=\"index, follow, max-snippet:-1, max-image-preview:large, max-video-preview:-1\" \/>\n<link rel=\"canonical\" href=\"https:\/\/previews.elleven.digital\/imf\/politica-de-privacidade\/\" \/>\n<meta property=\"og:locale\" content=\"pt_BR\" \/>\n<meta property=\"og:type\" content=\"article\" \/>\n<meta property=\"og:title\" content=\"IMF Lince - Pol\u00edtica de privacidade\" \/>\n<meta property=\"og:description\" content=\"Pol\u00edtica de Privacidade A sua privacidade \u00e9 importante para n\u00f3s. \u00c9 pol\u00edtica da IMF LINCE respeitar a sua privacidade em rela\u00e7\u00e3o a qualquer informa\u00e7\u00e3o sua que possamos coletar em nosso site. Solicitamos informa\u00e7\u00f5es pessoais apenas quando realmente precisamos delas para lhe fornecer um servi\u00e7o. Fazemo-lo por meios justos e legais, com o seu conhecimento e [&hellip;]\" \/>\n<meta property=\"og:url\" content=\"https:\/\/previews.elleven.digital\/imf\/politica-de-privacidade\/\" \/>\n<meta property=\"og:site_name\" content=\"IMF Lince\" \/>\n<meta property=\"article:modified_time\" content=\"2025-03-14T17:38:49+00:00\" \/>\n<meta property=\"og:image\" content=\"https:\/\/previews.elleven.digital\/imf\/wp-content\/uploads\/2025\/03\/OG.png\" \/>\n\t<meta property=\"og:image:width\" content=\"1200\" \/>\n\t<meta property=\"og:image:height\" content=\"675\" \/>\n\t<meta property=\"og:image:type\" content=\"image\/png\" \/>\n<meta name=\"twitter:card\" content=\"summary_large_image\" \/>\n<meta name=\"twitter:label1\" content=\"Est. tempo de leitura\" \/>\n\t<meta name=\"twitter:data1\" content=\"7 minutos\" \/>\n<script type=\"application\/ld+json\" class=\"yoast-schema-graph\">{\"@context\":\"https:\/\/schema.org\",\"@graph\":[{\"@type\":\"WebPage\",\"@id\":\"https:\/\/previews.elleven.digital\/imf\/politica-de-privacidade\/\",\"url\":\"https:\/\/previews.elleven.digital\/imf\/politica-de-privacidade\/\",\"name\":\"IMF Lince - Pol\u00edtica de privacidade\",\"isPartOf\":{\"@id\":\"https:\/\/previews.elleven.digital\/imf\/#website\"},\"datePublished\":\"2025-03-05T20:47:31+00:00\",\"dateModified\":\"2025-03-14T17:38:49+00:00\",\"breadcrumb\":{\"@id\":\"https:\/\/previews.elleven.digital\/imf\/politica-de-privacidade\/#breadcrumb\"},\"inLanguage\":\"pt-BR\",\"potentialAction\":[{\"@type\":\"ReadAction\",\"target\":[\"https:\/\/previews.elleven.digital\/imf\/politica-de-privacidade\/\"]}]},{\"@type\":\"BreadcrumbList\",\"@id\":\"https:\/\/previews.elleven.digital\/imf\/politica-de-privacidade\/#breadcrumb\",\"itemListElement\":[{\"@type\":\"ListItem\",\"position\":1,\"name\":\"In\u00edcio\",\"item\":\"https:\/\/previews.elleven.digital\/imf\/\"},{\"@type\":\"ListItem\",\"position\":2,\"name\":\"Pol\u00edtica de privacidade\"}]},{\"@type\":\"WebSite\",\"@id\":\"https:\/\/previews.elleven.digital\/imf\/#website\",\"url\":\"https:\/\/previews.elleven.digital\/imf\/\",\"name\":\"IMF Lince\",\"description\":\"Ind\u00fastria Metal\u00fargica Fabr\u00e3o\",\"publisher\":{\"@id\":\"https:\/\/previews.elleven.digital\/imf\/#organization\"},\"alternateName\":\"IMF Lince\",\"potentialAction\":[{\"@type\":\"SearchAction\",\"target\":{\"@type\":\"EntryPoint\",\"urlTemplate\":\"https:\/\/previews.elleven.digital\/imf\/?s={search_term_string}\"},\"query-input\":{\"@type\":\"PropertyValueSpecification\",\"valueRequired\":true,\"valueName\":\"search_term_string\"}}],\"inLanguage\":\"pt-BR\"},{\"@type\":\"Organization\",\"@id\":\"https:\/\/previews.elleven.digital\/imf\/#organization\",\"name\":\"IMF LINCE\",\"alternateName\":\"IMF LINCE\",\"url\":\"https:\/\/previews.elleven.digital\/imf\/\",\"logo\":{\"@type\":\"ImageObject\",\"inLanguage\":\"pt-BR\",\"@id\":\"https:\/\/previews.elleven.digital\/imf\/#\/schema\/logo\/image\/\",\"url\":\"https:\/\/previews.elleven.digital\/imf\/wp-content\/uploads\/2025\/03\/Logo.png\",\"contentUrl\":\"https:\/\/previews.elleven.digital\/imf\/wp-content\/uploads\/2025\/03\/Logo.png\",\"width\":696,\"height\":696,\"caption\":\"IMF LINCE\"},\"image\":{\"@id\":\"https:\/\/previews.elleven.digital\/imf\/#\/schema\/logo\/image\/\"}}]}<\/script>\n<!-- \/ Yoast SEO plugin. -->","yoast_head_json":{"title":"IMF Lince - Pol\u00edtica de privacidade","robots":{"index":"index","follow":"follow","max-snippet":"max-snippet:-1","max-image-preview":"max-image-preview:large","max-video-preview":"max-video-preview:-1"},"canonical":"https:\/\/previews.elleven.digital\/imf\/politica-de-privacidade\/","og_locale":"pt_BR","og_type":"article","og_title":"IMF Lince - Pol\u00edtica de privacidade","og_description":"Pol\u00edtica de Privacidade A sua privacidade \u00e9 importante para n\u00f3s. \u00c9 pol\u00edtica da IMF LINCE respeitar a sua privacidade em rela\u00e7\u00e3o a qualquer informa\u00e7\u00e3o sua que possamos coletar em nosso site. Solicitamos informa\u00e7\u00f5es pessoais apenas quando realmente precisamos delas para lhe fornecer um servi\u00e7o. Fazemo-lo por meios justos e legais, com o seu conhecimento e [&hellip;]","og_url":"https:\/\/previews.elleven.digital\/imf\/politica-de-privacidade\/","og_site_name":"IMF Lince","article_modified_time":"2025-03-14T17:38:49+00:00","og_image":[{"width":1200,"height":675,"url":"https:\/\/previews.elleven.digital\/imf\/wp-content\/uploads\/2025\/03\/OG.png","type":"image\/png"}],"twitter_card":"summary_large_image","twitter_misc":{"Est. tempo de leitura":"7 minutos"},"schema":{"@context":"https:\/\/schema.org","@graph":[{"@type":"WebPage","@id":"https:\/\/previews.elleven.digital\/imf\/politica-de-privacidade\/","url":"https:\/\/previews.elleven.digital\/imf\/politica-de-privacidade\/","name":"IMF Lince - Pol\u00edtica de privacidade","isPartOf":{"@id":"https:\/\/previews.elleven.digital\/imf\/#website"},"datePublished":"2025-03-05T20:47:31+00:00","dateModified":"2025-03-14T17:38:49+00:00","breadcrumb":{"@id":"https:\/\/previews.elleven.digital\/imf\/politica-de-privacidade\/#breadcrumb"},"inLanguage":"pt-BR","potentialAction":[{"@type":"ReadAction","target":["https:\/\/previews.elleven.digital\/imf\/politica-de-privacidade\/"]}]},{"@type":"BreadcrumbList","@id":"https:\/\/previews.elleven.digital\/imf\/politica-de-privacidade\/#breadcrumb","itemListElement":[{"@type":"ListItem","position":1,"name":"In\u00edcio","item":"https:\/\/previews.elleven.digital\/imf\/"},{"@type":"ListItem","position":2,"name":"Pol\u00edtica de privacidade"}]},{"@type":"WebSite","@id":"https:\/\/previews.elleven.digital\/imf\/#website","url":"https:\/\/previews.elleven.digital\/imf\/","name":"IMF Lince","description":"Ind\u00fastria Metal\u00fargica Fabr\u00e3o","publisher":{"@id":"https:\/\/previews.elleven.digital\/imf\/#organization"},"alternateName":"IMF Lince","potentialAction":[{"@type":"SearchAction","target":{"@type":"EntryPoint","urlTemplate":"https:\/\/previews.elleven.digital\/imf\/?s={search_term_string}"},"query-input":{"@type":"PropertyValueSpecification","valueRequired":true,"valueName":"search_term_string"}}],"inLanguage":"pt-BR"},{"@type":"Organization","@id":"https:\/\/previews.elleven.digital\/imf\/#organization","name":"IMF LINCE","alternateName":"IMF LINCE","url":"https:\/\/previews.elleven.digital\/imf\/","logo":{"@type":"ImageObject","inLanguage":"pt-BR","@id":"https:\/\/previews.elleven.digital\/imf\/#\/schema\/logo\/image\/","url":"https:\/\/previews.elleven.digital\/imf\/wp-content\/uploads\/2025\/03\/Logo.png","contentUrl":"https:\/\/previews.elleven.digital\/imf\/wp-content\/uploads\/2025\/03\/Logo.png","width":696,"height":696,"caption":"IMF LINCE"},"image":{"@id":"https:\/\/previews.elleven.digital\/imf\/#\/schema\/logo\/image\/"}}]}},"_links":{"self":[{"href":"https:\/\/previews.elleven.digital\/imf\/wp-json\/wp\/v2\/pages\/3","targetHints":{"allow":["GET"]}}],"collection":[{"href":"https:\/\/previews.elleven.digital\/imf\/wp-json\/wp\/v2\/pages"}],"about":[{"href":"https:\/\/previews.elleven.digital\/imf\/wp-json\/wp\/v2\/types\/page"}],"author":[{"embeddable":true,"href":"https:\/\/previews.elleven.digital\/imf\/wp-json\/wp\/v2\/users\/1"}],"replies":[{"embeddable":true,"href":"https:\/\/previews.elleven.digital\/imf\/wp-json\/wp\/v2\/comments?post=3"}],"version-history":[{"count":5,"href":"https:\/\/previews.elleven.digital\/imf\/wp-json\/wp\/v2\/pages\/3\/revisions"}],"predecessor-version":[{"id":341,"href":"https:\/\/previews.elleven.digital\/imf\/wp-json\/wp\/v2\/pages\/3\/revisions\/341"}],"wp:attachment":[{"href":"https:\/\/previews.elleven.digital\/imf\/wp-json\/wp\/v2\/media?parent=3"}],"curies":[{"name":"wp","href":"https:\/\/api.w.org\/{rel}","templated":true}]}}