{"id":20,"date":"2025-05-22T11:30:49","date_gmt":"2025-05-22T11:30:49","guid":{"rendered":"https:\/\/previews.elleven.digital\/cep-contabilidade\/?page_id=20"},"modified":"2026-02-09T19:07:45","modified_gmt":"2026-02-09T19:07:45","slug":"sobre-nos","status":"publish","type":"page","link":"https:\/\/previews.elleven.digital\/cep-contabilidade\/sobre-nos\/","title":{"rendered":"Sobre n\u00f3s"},"content":{"rendered":"","protected":false},"excerpt":{"rendered":"","protected":false},"author":1,"featured_media":0,"parent":0,"menu_order":0,"comment_status":"closed","ping_status":"closed","template":"","meta":{"_acf_changed":false,"footnotes":""},"class_list":["post-20","page","type-page","status-publish","hentry"],"acf":[],"yoast_head":"<!-- This site is optimized with the Yoast SEO plugin v26.8 - https:\/\/yoast.com\/product\/yoast-seo-wordpress\/ -->\n<title>Sobre n\u00f3s - CEP Contabilidade<\/title>\n<meta name=\"description\" content=\"H\u00e1 mais de 9 anos ajudando empresas em todo o Brasil com solu\u00e7\u00f5es cont\u00e1beis estrat\u00e9gicas, tecnologia avan\u00e7ada e atendimento personalizado.\" \/>\n<meta name=\"robots\" content=\"index, follow, max-snippet:-1, max-image-preview:large, max-video-preview:-1\" \/>\n<link rel=\"canonical\" href=\"https:\/\/previews.elleven.digital\/cep-contabilidade\/sobre-nos\/\" \/>\n<meta property=\"og:locale\" content=\"pt_BR\" \/>\n<meta property=\"og:type\" content=\"article\" \/>\n<meta property=\"og:title\" content=\"Sobre n\u00f3s - CEP Contabilidade\" \/>\n<meta property=\"og:description\" content=\"H\u00e1 mais de 9 anos ajudando empresas em todo o Brasil com solu\u00e7\u00f5es cont\u00e1beis estrat\u00e9gicas, tecnologia avan\u00e7ada e atendimento personalizado.\" \/>\n<meta property=\"og:url\" content=\"https:\/\/previews.elleven.digital\/cep-contabilidade\/sobre-nos\/\" \/>\n<meta property=\"og:site_name\" content=\"CEP Contabilidade\" \/>\n<meta property=\"article:modified_time\" content=\"2026-02-09T19:07:45+00:00\" \/>\n<meta name=\"twitter:card\" content=\"summary_large_image\" \/>\n<script type=\"application\/ld+json\" class=\"yoast-schema-graph\">{\"@context\":\"https:\/\/schema.org\",\"@graph\":[{\"@type\":\"WebPage\",\"@id\":\"https:\/\/previews.elleven.digital\/cep-contabilidade\/sobre-nos\/\",\"url\":\"https:\/\/previews.elleven.digital\/cep-contabilidade\/sobre-nos\/\",\"name\":\"Sobre n\u00f3s - CEP Contabilidade\",\"isPartOf\":{\"@id\":\"http:\/\/localhost\/cep\/#website\"},\"datePublished\":\"2025-05-22T11:30:49+00:00\",\"dateModified\":\"2026-02-09T19:07:45+00:00\",\"description\":\"H\u00e1 mais de 9 anos ajudando empresas em todo o Brasil com solu\u00e7\u00f5es cont\u00e1beis estrat\u00e9gicas, tecnologia avan\u00e7ada e atendimento personalizado.\",\"breadcrumb\":{\"@id\":\"https:\/\/previews.elleven.digital\/cep-contabilidade\/sobre-nos\/#breadcrumb\"},\"inLanguage\":\"pt-BR\",\"potentialAction\":[{\"@type\":\"ReadAction\",\"target\":[\"https:\/\/previews.elleven.digital\/cep-contabilidade\/sobre-nos\/\"]}]},{\"@type\":\"BreadcrumbList\",\"@id\":\"https:\/\/previews.elleven.digital\/cep-contabilidade\/sobre-nos\/#breadcrumb\",\"itemListElement\":[{\"@type\":\"ListItem\",\"position\":1,\"name\":\"In\u00edcio\",\"item\":\"https:\/\/previews.elleven.digital\/cep-contabilidade\/\"},{\"@type\":\"ListItem\",\"position\":2,\"name\":\"Sobre n\u00f3s\"}]},{\"@type\":\"WebSite\",\"@id\":\"http:\/\/localhost\/cep\/#website\",\"url\":\"http:\/\/localhost\/cep\/\",\"name\":\"CEP Contabilidade\",\"description\":\"Servi\u00e7os Cont\u00e1beis e Fiscais que geram resultados reais\",\"publisher\":{\"@id\":\"http:\/\/localhost\/cep\/#organization\"},\"potentialAction\":[{\"@type\":\"SearchAction\",\"target\":{\"@type\":\"EntryPoint\",\"urlTemplate\":\"http:\/\/localhost\/cep\/?s={search_term_string}\"},\"query-input\":{\"@type\":\"PropertyValueSpecification\",\"valueRequired\":true,\"valueName\":\"search_term_string\"}}],\"inLanguage\":\"pt-BR\"},{\"@type\":\"Organization\",\"@id\":\"http:\/\/localhost\/cep\/#organization\",\"name\":\"CEP Contabilidade\",\"url\":\"http:\/\/localhost\/cep\/\",\"logo\":{\"@type\":\"ImageObject\",\"inLanguage\":\"pt-BR\",\"@id\":\"http:\/\/localhost\/cep\/#\/schema\/logo\/image\/\",\"url\":\"https:\/\/previews.elleven.digital\/cep-contabilidade\/wp-content\/uploads\/2025\/05\/logo.svg\",\"contentUrl\":\"https:\/\/previews.elleven.digital\/cep-contabilidade\/wp-content\/uploads\/2025\/05\/logo.svg\",\"caption\":\"CEP Contabilidade\"},\"image\":{\"@id\":\"http:\/\/localhost\/cep\/#\/schema\/logo\/image\/\"}}]}<\/script>\n<!-- \/ Yoast SEO plugin. -->","yoast_head_json":{"title":"Sobre n\u00f3s - CEP Contabilidade","description":"H\u00e1 mais de 9 anos ajudando empresas em todo o Brasil com solu\u00e7\u00f5es cont\u00e1beis estrat\u00e9gicas, tecnologia avan\u00e7ada e atendimento personalizado.","robots":{"index":"index","follow":"follow","max-snippet":"max-snippet:-1","max-image-preview":"max-image-preview:large","max-video-preview":"max-video-preview:-1"},"canonical":"https:\/\/previews.elleven.digital\/cep-contabilidade\/sobre-nos\/","og_locale":"pt_BR","og_type":"article","og_title":"Sobre n\u00f3s - CEP Contabilidade","og_description":"H\u00e1 mais de 9 anos ajudando empresas em todo o Brasil com solu\u00e7\u00f5es cont\u00e1beis estrat\u00e9gicas, tecnologia avan\u00e7ada e atendimento personalizado.","og_url":"https:\/\/previews.elleven.digital\/cep-contabilidade\/sobre-nos\/","og_site_name":"CEP Contabilidade","article_modified_time":"2026-02-09T19:07:45+00:00","twitter_card":"summary_large_image","schema":{"@context":"https:\/\/schema.org","@graph":[{"@type":"WebPage","@id":"https:\/\/previews.elleven.digital\/cep-contabilidade\/sobre-nos\/","url":"https:\/\/previews.elleven.digital\/cep-contabilidade\/sobre-nos\/","name":"Sobre n\u00f3s - CEP Contabilidade","isPartOf":{"@id":"http:\/\/localhost\/cep\/#website"},"datePublished":"2025-05-22T11:30:49+00:00","dateModified":"2026-02-09T19:07:45+00:00","description":"H\u00e1 mais de 9 anos ajudando empresas em todo o Brasil com solu\u00e7\u00f5es cont\u00e1beis estrat\u00e9gicas, tecnologia avan\u00e7ada e atendimento personalizado.","breadcrumb":{"@id":"https:\/\/previews.elleven.digital\/cep-contabilidade\/sobre-nos\/#breadcrumb"},"inLanguage":"pt-BR","potentialAction":[{"@type":"ReadAction","target":["https:\/\/previews.elleven.digital\/cep-contabilidade\/sobre-nos\/"]}]},{"@type":"BreadcrumbList","@id":"https:\/\/previews.elleven.digital\/cep-contabilidade\/sobre-nos\/#breadcrumb","itemListElement":[{"@type":"ListItem","position":1,"name":"In\u00edcio","item":"https:\/\/previews.elleven.digital\/cep-contabilidade\/"},{"@type":"ListItem","position":2,"name":"Sobre n\u00f3s"}]},{"@type":"WebSite","@id":"http:\/\/localhost\/cep\/#website","url":"http:\/\/localhost\/cep\/","name":"CEP Contabilidade","description":"Servi\u00e7os Cont\u00e1beis e Fiscais que geram resultados reais","publisher":{"@id":"http:\/\/localhost\/cep\/#organization"},"potentialAction":[{"@type":"SearchAction","target":{"@type":"EntryPoint","urlTemplate":"http:\/\/localhost\/cep\/?s={search_term_string}"},"query-input":{"@type":"PropertyValueSpecification","valueRequired":true,"valueName":"search_term_string"}}],"inLanguage":"pt-BR"},{"@type":"Organization","@id":"http:\/\/localhost\/cep\/#organization","name":"CEP Contabilidade","url":"http:\/\/localhost\/cep\/","logo":{"@type":"ImageObject","inLanguage":"pt-BR","@id":"http:\/\/localhost\/cep\/#\/schema\/logo\/image\/","url":"https:\/\/previews.elleven.digital\/cep-contabilidade\/wp-content\/uploads\/2025\/05\/logo.svg","contentUrl":"https:\/\/previews.elleven.digital\/cep-contabilidade\/wp-content\/uploads\/2025\/05\/logo.svg","caption":"CEP Contabilidade"},"image":{"@id":"http:\/\/localhost\/cep\/#\/schema\/logo\/image\/"}}]}},"_links":{"self":[{"href":"https:\/\/previews.elleven.digital\/cep-contabilidade\/wp-json\/wp\/v2\/pages\/20","targetHints":{"allow":["GET"]}}],"collection":[{"href":"https:\/\/previews.elleven.digital\/cep-contabilidade\/wp-json\/wp\/v2\/pages"}],"about":[{"href":"https:\/\/previews.elleven.digital\/cep-contabilidade\/wp-json\/wp\/v2\/types\/page"}],"author":[{"embeddable":true,"href":"https:\/\/previews.elleven.digital\/cep-contabilidade\/wp-json\/wp\/v2\/users\/1"}],"replies":[{"embeddable":true,"href":"https:\/\/previews.elleven.digital\/cep-contabilidade\/wp-json\/wp\/v2\/comments?post=20"}],"version-history":[{"count":27,"href":"https:\/\/previews.elleven.digital\/cep-contabilidade\/wp-json\/wp\/v2\/pages\/20\/revisions"}],"predecessor-version":[{"id":347,"href":"https:\/\/previews.elleven.digital\/cep-contabilidade\/wp-json\/wp\/v2\/pages\/20\/revisions\/347"}],"wp:attachment":[{"href":"https:\/\/previews.elleven.digital\/cep-contabilidade\/wp-json\/wp\/v2\/media?parent=20"}],"curies":[{"name":"wp","href":"https:\/\/api.w.org\/{rel}","templated":true}]}}