{"id":260,"date":"2024-11-06T14:04:12","date_gmt":"2024-11-06T17:04:12","guid":{"rendered":"https:\/\/previews.elleven.digital\/acocearense\/\/?page_id=260"},"modified":"2025-05-07T22:25:19","modified_gmt":"2025-05-08T01:25:19","slug":"imprensa","status":"publish","type":"page","link":"https:\/\/previews.elleven.digital\/acocearense\/imprensa\/","title":{"rendered":"Imprensa"},"content":{"rendered":"","protected":false},"excerpt":{"rendered":"","protected":false},"author":1,"featured_media":0,"parent":0,"menu_order":0,"comment_status":"closed","ping_status":"closed","template":"page-imprensa.php","meta":{"_acf_changed":false,"inline_featured_image":false,"footnotes":""},"class_list":["post-260","page","type-page","status-publish","hentry"],"acf":{"banner":"https:\/\/previews.elleven.digital\/acocearense\/wp-content\/uploads\/2025\/04\/aco-imprensa.jpg","links":[{"imagem":{"ID":2175,"id":2175,"title":"noticias","filename":"noticias.png","filesize":107787,"url":"https:\/\/previews.elleven.digital\/acocearense\/wp-content\/uploads\/2025\/05\/noticias.png","link":"https:\/\/previews.elleven.digital\/acocearense\/imprensa\/noticias-2\/","alt":"","author":"1","description":"","caption":"","name":"noticias-2","status":"inherit","uploaded_to":260,"date":"2025-05-08 01:22:08","modified":"2025-05-08 01:22:08","menu_order":0,"mime_type":"image\/png","type":"image","subtype":"png","icon":"https:\/\/previews.elleven.digital\/acocearense\/wp-includes\/images\/media\/default.png","width":260,"height":260,"sizes":{"thumbnail":"https:\/\/previews.elleven.digital\/acocearense\/wp-content\/uploads\/2025\/05\/noticias-150x150.png","thumbnail-width":150,"thumbnail-height":150,"medium":"https:\/\/previews.elleven.digital\/acocearense\/wp-content\/uploads\/2025\/05\/noticias.png","medium-width":260,"medium-height":260,"medium_large":"https:\/\/previews.elleven.digital\/acocearense\/wp-content\/uploads\/2025\/05\/noticias.png","medium_large-width":260,"medium_large-height":260,"large":"https:\/\/previews.elleven.digital\/acocearense\/wp-content\/uploads\/2025\/05\/noticias.png","large-width":260,"large-height":260,"1536x1536":"https:\/\/previews.elleven.digital\/acocearense\/wp-content\/uploads\/2025\/05\/noticias.png","1536x1536-width":260,"1536x1536-height":260,"2048x2048":"https:\/\/previews.elleven.digital\/acocearense\/wp-content\/uploads\/2025\/05\/noticias.png","2048x2048-width":260,"2048x2048-height":260,"trp-custom-language-flag":"https:\/\/previews.elleven.digital\/acocearense\/wp-content\/uploads\/2025\/05\/noticias-12x12.png","trp-custom-language-flag-width":12,"trp-custom-language-flag-height":12}},"titulo":"Not\u00edcias","link":"https:\/\/previews.elleven.digital\/acocearense\/noticias"},{"imagem":{"ID":2174,"id":2174,"title":"relatorios","filename":"relatorios.png","filesize":191829,"url":"https:\/\/previews.elleven.digital\/acocearense\/wp-content\/uploads\/2025\/05\/relatorios.png","link":"https:\/\/previews.elleven.digital\/acocearense\/imprensa\/relatorios-2\/","alt":"","author":"1","description":"","caption":"","name":"relatorios-2","status":"inherit","uploaded_to":260,"date":"2025-05-08 01:22:08","modified":"2025-05-08 01:22:08","menu_order":0,"mime_type":"image\/png","type":"image","subtype":"png","icon":"https:\/\/previews.elleven.digital\/acocearense\/wp-includes\/images\/media\/default.png","width":260,"height":260,"sizes":{"thumbnail":"https:\/\/previews.elleven.digital\/acocearense\/wp-content\/uploads\/2025\/05\/relatorios-150x150.png","thumbnail-width":150,"thumbnail-height":150,"medium":"https:\/\/previews.elleven.digital\/acocearense\/wp-content\/uploads\/2025\/05\/relatorios.png","medium-width":260,"medium-height":260,"medium_large":"https:\/\/previews.elleven.digital\/acocearense\/wp-content\/uploads\/2025\/05\/relatorios.png","medium_large-width":260,"medium_large-height":260,"large":"https:\/\/previews.elleven.digital\/acocearense\/wp-content\/uploads\/2025\/05\/relatorios.png","large-width":260,"large-height":260,"1536x1536":"https:\/\/previews.elleven.digital\/acocearense\/wp-content\/uploads\/2025\/05\/relatorios.png","1536x1536-width":260,"1536x1536-height":260,"2048x2048":"https:\/\/previews.elleven.digital\/acocearense\/wp-content\/uploads\/2025\/05\/relatorios.png","2048x2048-width":260,"2048x2048-height":260,"trp-custom-language-flag":"https:\/\/previews.elleven.digital\/acocearense\/wp-content\/uploads\/2025\/05\/relatorios-12x12.png","trp-custom-language-flag-width":12,"trp-custom-language-flag-height":12}},"titulo":"Relat\u00f3rios de Sustentabilidade","link":"https:\/\/previews.elleven.digital\/acocearense\/relatorios-sustentabilidade\/"}]},"yoast_head":"<!-- This site is optimized with the Yoast SEO plugin v25.9 - https:\/\/yoast.com\/wordpress\/plugins\/seo\/ -->\n<title>Imprensa - Grupo A\u00e7o Cearense<\/title>\n<meta name=\"robots\" content=\"index, follow, max-snippet:-1, max-image-preview:large, max-video-preview:-1\" \/>\n<link rel=\"canonical\" href=\"https:\/\/previews.elleven.digital\/acocearense\/imprensa\/\" \/>\n<meta property=\"og:locale\" content=\"pt_BR\" \/>\n<meta property=\"og:type\" content=\"article\" \/>\n<meta property=\"og:title\" content=\"Imprensa - Grupo A\u00e7o Cearense\" \/>\n<meta property=\"og:url\" content=\"https:\/\/previews.elleven.digital\/acocearense\/imprensa\/\" \/>\n<meta property=\"og:site_name\" content=\"Grupo A\u00e7o Cearense\" \/>\n<meta property=\"article:modified_time\" content=\"2025-05-08T01:25:19+00:00\" \/>\n<meta property=\"og:image\" content=\"https:\/\/previews.elleven.digital\/acocearense\/wp-content\/uploads\/2025\/03\/open-graph.png\" \/>\n\t<meta property=\"og:image:width\" content=\"1200\" \/>\n\t<meta property=\"og:image:height\" content=\"675\" \/>\n\t<meta property=\"og:image:type\" content=\"image\/png\" \/>\n<meta name=\"twitter:card\" content=\"summary_large_image\" \/>\n<script type=\"application\/ld+json\" class=\"yoast-schema-graph\">{\"@context\":\"https:\/\/schema.org\",\"@graph\":[{\"@type\":\"WebPage\",\"@id\":\"https:\/\/previews.elleven.digital\/acocearense\/imprensa\/\",\"url\":\"https:\/\/previews.elleven.digital\/acocearense\/imprensa\/\",\"name\":\"Imprensa - Grupo A\u00e7o Cearense\",\"isPartOf\":{\"@id\":\"https:\/\/previews.elleven.digital\/acocearense\/#website\"},\"datePublished\":\"2024-11-06T17:04:12+00:00\",\"dateModified\":\"2025-05-08T01:25:19+00:00\",\"breadcrumb\":{\"@id\":\"https:\/\/previews.elleven.digital\/acocearense\/imprensa\/#breadcrumb\"},\"inLanguage\":\"pt-BR\",\"potentialAction\":[{\"@type\":\"ReadAction\",\"target\":[\"https:\/\/previews.elleven.digital\/acocearense\/imprensa\/\"]}]},{\"@type\":\"BreadcrumbList\",\"@id\":\"https:\/\/previews.elleven.digital\/acocearense\/imprensa\/#breadcrumb\",\"itemListElement\":[{\"@type\":\"ListItem\",\"position\":1,\"name\":\"In\u00edcio\",\"item\":\"https:\/\/previews.elleven.digital\/acocearense\/\"},{\"@type\":\"ListItem\",\"position\":2,\"name\":\"Imprensa\"}]},{\"@type\":\"WebSite\",\"@id\":\"https:\/\/previews.elleven.digital\/acocearense\/#website\",\"url\":\"https:\/\/previews.elleven.digital\/acocearense\/\",\"name\":\"A\u00e7o Cearense\",\"description\":\"H\u00e1 mais de 45 anos no mercado brasileiro do a\u00e7o.\",\"alternateName\":\"A\u00e7o Cearense\",\"potentialAction\":[{\"@type\":\"SearchAction\",\"target\":{\"@type\":\"EntryPoint\",\"urlTemplate\":\"https:\/\/previews.elleven.digital\/acocearense\/?s={search_term_string}\"},\"query-input\":{\"@type\":\"PropertyValueSpecification\",\"valueRequired\":true,\"valueName\":\"search_term_string\"}}],\"inLanguage\":\"pt-BR\"}]}<\/script>\n<!-- \/ Yoast SEO plugin. -->","yoast_head_json":{"title":"Imprensa - Grupo A\u00e7o Cearense","robots":{"index":"index","follow":"follow","max-snippet":"max-snippet:-1","max-image-preview":"max-image-preview:large","max-video-preview":"max-video-preview:-1"},"canonical":"https:\/\/previews.elleven.digital\/acocearense\/imprensa\/","og_locale":"pt_BR","og_type":"article","og_title":"Imprensa - Grupo A\u00e7o Cearense","og_url":"https:\/\/previews.elleven.digital\/acocearense\/imprensa\/","og_site_name":"Grupo A\u00e7o Cearense","article_modified_time":"2025-05-08T01:25:19+00:00","og_image":[{"width":1200,"height":675,"url":"https:\/\/previews.elleven.digital\/acocearense\/wp-content\/uploads\/2025\/03\/open-graph.png","type":"image\/png"}],"twitter_card":"summary_large_image","schema":{"@context":"https:\/\/schema.org","@graph":[{"@type":"WebPage","@id":"https:\/\/previews.elleven.digital\/acocearense\/imprensa\/","url":"https:\/\/previews.elleven.digital\/acocearense\/imprensa\/","name":"Imprensa - Grupo A\u00e7o Cearense","isPartOf":{"@id":"https:\/\/previews.elleven.digital\/acocearense\/#website"},"datePublished":"2024-11-06T17:04:12+00:00","dateModified":"2025-05-08T01:25:19+00:00","breadcrumb":{"@id":"https:\/\/previews.elleven.digital\/acocearense\/imprensa\/#breadcrumb"},"inLanguage":"pt-BR","potentialAction":[{"@type":"ReadAction","target":["https:\/\/previews.elleven.digital\/acocearense\/imprensa\/"]}]},{"@type":"BreadcrumbList","@id":"https:\/\/previews.elleven.digital\/acocearense\/imprensa\/#breadcrumb","itemListElement":[{"@type":"ListItem","position":1,"name":"In\u00edcio","item":"https:\/\/previews.elleven.digital\/acocearense\/"},{"@type":"ListItem","position":2,"name":"Imprensa"}]},{"@type":"WebSite","@id":"https:\/\/previews.elleven.digital\/acocearense\/#website","url":"https:\/\/previews.elleven.digital\/acocearense\/","name":"A\u00e7o Cearense","description":"H\u00e1 mais de 45 anos no mercado brasileiro do a\u00e7o.","alternateName":"A\u00e7o Cearense","potentialAction":[{"@type":"SearchAction","target":{"@type":"EntryPoint","urlTemplate":"https:\/\/previews.elleven.digital\/acocearense\/?s={search_term_string}"},"query-input":{"@type":"PropertyValueSpecification","valueRequired":true,"valueName":"search_term_string"}}],"inLanguage":"pt-BR"}]}},"_links":{"self":[{"href":"https:\/\/previews.elleven.digital\/acocearense\/wp-json\/wp\/v2\/pages\/260","targetHints":{"allow":["GET"]}}],"collection":[{"href":"https:\/\/previews.elleven.digital\/acocearense\/wp-json\/wp\/v2\/pages"}],"about":[{"href":"https:\/\/previews.elleven.digital\/acocearense\/wp-json\/wp\/v2\/types\/page"}],"author":[{"embeddable":true,"href":"https:\/\/previews.elleven.digital\/acocearense\/wp-json\/wp\/v2\/users\/1"}],"replies":[{"embeddable":true,"href":"https:\/\/previews.elleven.digital\/acocearense\/wp-json\/wp\/v2\/comments?post=260"}],"version-history":[{"count":5,"href":"https:\/\/previews.elleven.digital\/acocearense\/wp-json\/wp\/v2\/pages\/260\/revisions"}],"predecessor-version":[{"id":2176,"href":"https:\/\/previews.elleven.digital\/acocearense\/wp-json\/wp\/v2\/pages\/260\/revisions\/2176"}],"wp:attachment":[{"href":"https:\/\/previews.elleven.digital\/acocearense\/wp-json\/wp\/v2\/media?parent=260"}],"curies":[{"name":"wp","href":"https:\/\/api.w.org\/{rel}","templated":true}]}}