{"id":676,"date":"2025-04-03T08:45:39","date_gmt":"2025-04-03T11:45:39","guid":{"rendered":"https:\/\/previews.elleven.digital\/acocearense\/?page_id=676"},"modified":"2025-05-07T17:30:36","modified_gmt":"2025-05-07T20:30:36","slug":"politica-de-cookies","status":"publish","type":"page","link":"https:\/\/previews.elleven.digital\/acocearense\/en\/politica-de-cookies\/","title":{"rendered":"Cookies Policy"},"content":{"rendered":"<h4>1. INTRODUCTION<\/h4>\n<p>This Cookie Policy is part of the Privacy Policy of the A\u00e7o Cearense Group (composed of the companies A\u00e7o Cearense Comercial Ltda, A\u00e7o Cearense Industrial Ltda, Sider\u00fargica Norte Brasil SA \u2013 SINOBRAS, Sinobras Florestal Ltda., and WMA Participa\u00e7\u00f5es SA and Instituto A\u00e7o Cearense), and applies to any websites, applications or other web services operated by any of the companies of the A\u00e7o Cearense Group.<\/p>\n<p>The purpose of this Cookie Policy is to explain, in a transparent manner, how, when and why we use cookies on our online platforms.<\/p>\n<p>By accessing our websites, applications or other web services, you authorize the use of Cookies in accordance with this Cookie Policy. If you do not agree with the use of Cookies in this way, you can use our consent management solutions, or adjust your browser settings to not allow their use.<\/p>\n<h4>2. CONCEPT AND USE<\/h4>\n<p>2.1. Cookies are small text files that may be placed on your computer or portable device by websites or web services that you use. They are used to ensure the proper functioning of websites and other online services, as well as to provide information to the owners of the website or online service.<\/p>\n<p>2.2. We use cookies to improve the usability and functionality of Grupo A\u00e7o Cearense\u2019s websites and other compatible web services and to better understand how our visitors use our websites and online services, as well as the tools and services they offer. Cookies allow us to adapt Grupo A\u00e7o Cearense\u2019s websites to your personal needs, making their use easier whenever possible, and to receive feedback on the satisfaction of our consumers.<\/p>\n<p>2.3. All Personal Data collected through Cookies from our websites and online services are not stored beyond what is strictly necessary.<\/p>\n<h4>3. TYPES OF COOKIES<\/h4>\n<p>3.1. A\u00e7o Cearense Group uses the following types of Cookies on its websites and compatible services:<\/p>\n<p>(i) Session cookies: These are temporary cookies that are deleted when you close your browser. When you restart your browser and return to the website that created the cookie, that website treats you as a new visitor;<\/p>\n<p>(ii) Persistent cookies: these are cookies that remain in your browser until you manually delete them or until your browser deletes them according to the duration period established by the cookie. These cookies will recognize your return as a visitor to a Grupo A\u00e7o Cearense website or web service.<\/p>\n<h4>4. CATEGORIES AND PURPOSES OF THE COOKIES WE USE<\/h4>\n<p>4.1. The A\u00e7o Cearense Group uses cookies with the following characteristics and purposes:<\/p>\n<p>(i) Necessary cookies: These are cookies that are strictly necessary for the operation of a Grupo A\u00e7o Cearense website or compatible service. They enable you to move around the website and use our features;<\/p>\n<p>(ii) Cookies that send us information about you: we place these types of cookies on a compatible Grupo A\u00e7o Cearense website or service and these types of cookies can only be read by our compatible websites and services;<\/p>\n<p>(iii) Cookies in Grupo A\u00e7o Cearense advertisements: we place cookies in advertisements and ads that are displayed on compatible third-party websites and services. We obtain information through these cookies when you click on or interact with the advertisement or ad. In this case, Grupo A\u00e7o Cearense is placing a \u201cthird-party\u201d cookie. We may use this data obtained by third-party cookies to send you other advertisements that we believe are relevant or of interest to you based on your previous behavior.<\/p>\n<p>(iv) Cookies that share your information with third parties: These are cookies placed on a Grupo A\u00e7o Cearense website by our partner companies, such as online advertising services. They may use the data collected by these cookies to anonymously send you targeted advertisements on other websites, based on your visit to Grupo A\u00e7o Cearense&#039;s compatible websites or services.<\/p>\n<h4>5. CONTROL AND DELETION OF COOKIES<\/h4>\n<p>5.1. You, the user, are completely free to accept or not the Cookies inserted in our websites or web services, and you can even adjust the settings of your computer or portable device to reflect your choice.<\/p>\n<p>5.2. Most browsers allow you to set rules to warn you before accepting Cookies or simply rejecting them.<\/p>\n<p>5.3. There are several ways to manage Cookies. Please refer to your browser\u2019s instructions on how to configure this type of setting. Please remember that if you use different browsers, or even computers and\/or handheld devices in different locations, you will need to ensure that each device and browser is adjusted to your personal Cookie preferences.<\/p>\n<p>5.4. You do not need to have Cookies enabled to use or browse most of Grupo A\u00e7o Cearense\u2019s websites and online services. However, if you disable them, we cannot guarantee that you will be able to access all the features available on our websites, applications or web services.<\/p>\n<h4>6. OTHER TRACKING TECHNOLOGIES SIMILAR TO COOKIES<\/h4>\n<p>6.1. A\u00e7o Cearense Group websites and web services may also use other tracking technologies similar to cookies, which may collect information such as IP addresses, log files and web beacons, among others. This data is also used to help us adapt A\u00e7o Cearense Group websites and other compatible services to your personal needs.<\/p>\n<p>6.2. Below we detail its purposes:<\/p>\n<p>6.2.1. IP Addresses: An IP address is a number used on the Internet or a network to identify your computer. Every time you connect to the Internet, your computer is assigned an IP address by your Internet Service Provider. We may log IP Addresses for the following purposes:<\/p>\n<p>(i) Handling technical problems;<br \/>\n(ii) Maintaining the protection and security of our websites and other online services;<br \/>\n(iii) Gain a better understanding of how our websites and other online services are used;<br \/>\n(iv) Adapt our content to your needs depending on your geographical location.<\/p>\n<p>6.2.2. Log Files: A\u00e7o Cearense Group or a third party working on our behalf may collect information in the form of log files that detail website activity and gather statistics about user browsing habits. These logs are typically generated anonymously and help us understand details such as:<\/p>\n<p>(i) The type of browser and operating system used by users of our websites or online services;<br \/>\n(ii) Details about your user session, including the referring URL, date, time and which pages you visited on our websites and supported services, and how long you spent using them;<br \/>\n(iii) Other navigational or click count details including site traffic reports, unique visitor counts and similar data.<\/p>\n<p>6.2.3. Web beacons: We may use web beacons (or clear GIFs) on A\u00e7o Cearense Group websites. Web beacons (also known as webbugs or web beacons) are small strings of code that allow the delivery of a graphic image on a web page for the purpose of transferring data back to us. We use the information from web beacons for a variety of purposes, including:<\/p>\n<p>(i) Understand how a user responds to email campaigns;<br \/>\n(ii) Traffic reports from our websites and compatible services;<br \/>\n(iii) Perform unique visitor counting, advertising and email auditing and reporting, and personalization on our websites and other compatible services.<\/p>\n<h4>7. ABOUT THIS POLICY<\/h4>\n<p>7.1. For any questions regarding this Cookie Policy, you may contact us through the Communication Channels established in our Privacy Policy, or via the address: <a href=\"https:\/\/previews.elleven.digital\/acocearense\/en\/o-grupo\/politica-de-privacidade\/\">https:\/\/previews.elleven.digital\/acocearense\/o-grupo\/politica-de-privacidade\/<\/a>.<\/p>","protected":false},"excerpt":{"rendered":"<p>1. INTRODU\u00c7\u00c3O Essa Pol\u00edtica de Cookies integra a Pol\u00edtica de Privacidade do Grupo A\u00e7o Cearense(&#8230;)<\/p>","protected":false},"author":1,"featured_media":0,"parent":0,"menu_order":0,"comment_status":"closed","ping_status":"closed","template":"page-politica.php","meta":{"_acf_changed":false,"inline_featured_image":false,"footnotes":""},"class_list":["post-676","page","type-page","status-publish","hentry"],"acf":{"banner":"https:\/\/previews.elleven.digital\/acocearense\/wp-content\/uploads\/2025\/04\/aco-quemsomos.jpg"},"yoast_head":"<!-- This site is optimized with the Yoast SEO plugin v25.9 - https:\/\/yoast.com\/wordpress\/plugins\/seo\/ -->\n<title>Pol\u00edtica de Cookies - Grupo A\u00e7o Cearense<\/title>\n<meta name=\"robots\" content=\"index, follow, max-snippet:-1, max-image-preview:large, max-video-preview:-1\" \/>\n<link rel=\"canonical\" href=\"https:\/\/previews.elleven.digital\/acocearense\/en\/politica-de-cookies\/\" \/>\n<meta property=\"og:locale\" content=\"en_US\" \/>\n<meta property=\"og:type\" content=\"article\" \/>\n<meta property=\"og:title\" content=\"Pol\u00edtica de Cookies - Grupo A\u00e7o Cearense\" \/>\n<meta property=\"og:description\" content=\"1. INTRODU\u00c7\u00c3O Essa Pol\u00edtica de Cookies integra a Pol\u00edtica de Privacidade do Grupo A\u00e7o Cearense(...)\" \/>\n<meta property=\"og:url\" content=\"https:\/\/previews.elleven.digital\/acocearense\/en\/politica-de-cookies\/\" \/>\n<meta property=\"og:site_name\" content=\"Grupo A\u00e7o Cearense\" \/>\n<meta property=\"article:modified_time\" content=\"2025-05-07T20:30:36+00:00\" \/>\n<meta property=\"og:image\" content=\"https:\/\/previews.elleven.digital\/acocearense\/wp-content\/uploads\/2025\/03\/open-graph.png\" \/>\n\t<meta property=\"og:image:width\" content=\"1200\" \/>\n\t<meta property=\"og:image:height\" content=\"675\" \/>\n\t<meta property=\"og:image:type\" content=\"image\/png\" \/>\n<meta name=\"twitter:card\" content=\"summary_large_image\" \/>\n<meta name=\"twitter:label1\" content=\"Est. reading time\" \/>\n\t<meta name=\"twitter:data1\" content=\"7 minutes\" \/>\n<script type=\"application\/ld+json\" class=\"yoast-schema-graph\">{\"@context\":\"https:\/\/schema.org\",\"@graph\":[{\"@type\":\"WebPage\",\"@id\":\"https:\/\/previews.elleven.digital\/acocearense\/politica-de-cookies\/\",\"url\":\"https:\/\/previews.elleven.digital\/acocearense\/politica-de-cookies\/\",\"name\":\"Pol\u00edtica de Cookies - Grupo A\u00e7o Cearense\",\"isPartOf\":{\"@id\":\"https:\/\/previews.elleven.digital\/acocearense\/#website\"},\"datePublished\":\"2025-04-03T11:45:39+00:00\",\"dateModified\":\"2025-05-07T20:30:36+00:00\",\"breadcrumb\":{\"@id\":\"https:\/\/previews.elleven.digital\/acocearense\/politica-de-cookies\/#breadcrumb\"},\"inLanguage\":\"en-US\",\"potentialAction\":[{\"@type\":\"ReadAction\",\"target\":[\"https:\/\/previews.elleven.digital\/acocearense\/politica-de-cookies\/\"]}]},{\"@type\":\"BreadcrumbList\",\"@id\":\"https:\/\/previews.elleven.digital\/acocearense\/politica-de-cookies\/#breadcrumb\",\"itemListElement\":[{\"@type\":\"ListItem\",\"position\":1,\"name\":\"In\u00edcio\",\"item\":\"https:\/\/previews.elleven.digital\/acocearense\/\"},{\"@type\":\"ListItem\",\"position\":2,\"name\":\"Pol\u00edtica de Cookies\"}]},{\"@type\":\"WebSite\",\"@id\":\"https:\/\/previews.elleven.digital\/acocearense\/#website\",\"url\":\"https:\/\/previews.elleven.digital\/acocearense\/\",\"name\":\"A\u00e7o Cearense\",\"description\":\"H\u00e1 mais de 45 anos no mercado brasileiro do a\u00e7o.\",\"alternateName\":\"A\u00e7o Cearense\",\"potentialAction\":[{\"@type\":\"SearchAction\",\"target\":{\"@type\":\"EntryPoint\",\"urlTemplate\":\"https:\/\/previews.elleven.digital\/acocearense\/?s={search_term_string}\"},\"query-input\":{\"@type\":\"PropertyValueSpecification\",\"valueRequired\":true,\"valueName\":\"search_term_string\"}}],\"inLanguage\":\"en-US\"}]}<\/script>\n<!-- \/ Yoast SEO plugin. -->","yoast_head_json":{"title":"Pol\u00edtica de Cookies - Grupo A\u00e7o Cearense","robots":{"index":"index","follow":"follow","max-snippet":"max-snippet:-1","max-image-preview":"max-image-preview:large","max-video-preview":"max-video-preview:-1"},"canonical":"https:\/\/previews.elleven.digital\/acocearense\/en\/politica-de-cookies\/","og_locale":"en_US","og_type":"article","og_title":"Pol\u00edtica de Cookies - Grupo A\u00e7o Cearense","og_description":"1. INTRODU\u00c7\u00c3O Essa Pol\u00edtica de Cookies integra a Pol\u00edtica de Privacidade do Grupo A\u00e7o Cearense(...)","og_url":"https:\/\/previews.elleven.digital\/acocearense\/en\/politica-de-cookies\/","og_site_name":"Grupo A\u00e7o Cearense","article_modified_time":"2025-05-07T20:30:36+00:00","og_image":[{"width":1200,"height":675,"url":"https:\/\/previews.elleven.digital\/acocearense\/wp-content\/uploads\/2025\/03\/open-graph.png","type":"image\/png"}],"twitter_card":"summary_large_image","twitter_misc":{"Est. reading time":"7 minutes"},"schema":{"@context":"https:\/\/schema.org","@graph":[{"@type":"WebPage","@id":"https:\/\/previews.elleven.digital\/acocearense\/politica-de-cookies\/","url":"https:\/\/previews.elleven.digital\/acocearense\/politica-de-cookies\/","name":"Pol\u00edtica de Cookies - Grupo A\u00e7o Cearense","isPartOf":{"@id":"https:\/\/previews.elleven.digital\/acocearense\/#website"},"datePublished":"2025-04-03T11:45:39+00:00","dateModified":"2025-05-07T20:30:36+00:00","breadcrumb":{"@id":"https:\/\/previews.elleven.digital\/acocearense\/politica-de-cookies\/#breadcrumb"},"inLanguage":"en-US","potentialAction":[{"@type":"ReadAction","target":["https:\/\/previews.elleven.digital\/acocearense\/politica-de-cookies\/"]}]},{"@type":"BreadcrumbList","@id":"https:\/\/previews.elleven.digital\/acocearense\/politica-de-cookies\/#breadcrumb","itemListElement":[{"@type":"ListItem","position":1,"name":"In\u00edcio","item":"https:\/\/previews.elleven.digital\/acocearense\/"},{"@type":"ListItem","position":2,"name":"Pol\u00edtica de Cookies"}]},{"@type":"WebSite","@id":"https:\/\/previews.elleven.digital\/acocearense\/#website","url":"https:\/\/previews.elleven.digital\/acocearense\/","name":"Cear\u00e1 Steel","description":"We have been in the Brazilian steel market for over 45 years.","alternateName":"A\u00e7o Cearense","potentialAction":[{"@type":"SearchAction","target":{"@type":"EntryPoint","urlTemplate":"https:\/\/previews.elleven.digital\/acocearense\/?s={search_term_string}"},"query-input":{"@type":"PropertyValueSpecification","valueRequired":true,"valueName":"search_term_string"}}],"inLanguage":"en-US"}]}},"_links":{"self":[{"href":"https:\/\/previews.elleven.digital\/acocearense\/en\/wp-json\/wp\/v2\/pages\/676","targetHints":{"allow":["GET"]}}],"collection":[{"href":"https:\/\/previews.elleven.digital\/acocearense\/en\/wp-json\/wp\/v2\/pages"}],"about":[{"href":"https:\/\/previews.elleven.digital\/acocearense\/en\/wp-json\/wp\/v2\/types\/page"}],"author":[{"embeddable":true,"href":"https:\/\/previews.elleven.digital\/acocearense\/en\/wp-json\/wp\/v2\/users\/1"}],"replies":[{"embeddable":true,"href":"https:\/\/previews.elleven.digital\/acocearense\/en\/wp-json\/wp\/v2\/comments?post=676"}],"version-history":[{"count":3,"href":"https:\/\/previews.elleven.digital\/acocearense\/en\/wp-json\/wp\/v2\/pages\/676\/revisions"}],"predecessor-version":[{"id":2135,"href":"https:\/\/previews.elleven.digital\/acocearense\/en\/wp-json\/wp\/v2\/pages\/676\/revisions\/2135"}],"wp:attachment":[{"href":"https:\/\/previews.elleven.digital\/acocearense\/en\/wp-json\/wp\/v2\/media?parent=676"}],"curies":[{"name":"wp","href":"https:\/\/api.w.org\/{rel}","templated":true}]}}