{"id":305,"date":"2024-11-06T16:23:07","date_gmt":"2024-11-06T19:23:07","guid":{"rendered":"https:\/\/previews.elleven.digital\/acocearense\/\/?page_id=305"},"modified":"2025-09-12T12:04:50","modified_gmt":"2025-09-12T15:04:50","slug":"sistema-de-gestao-de-qualidade","status":"publish","type":"page","link":"https:\/\/previews.elleven.digital\/acocearense\/en\/sistema-de-gestao-de-qualidade\/","title":{"rendered":"Quality Management System"},"content":{"rendered":"","protected":false},"excerpt":{"rendered":"","protected":false},"author":1,"featured_media":0,"parent":0,"menu_order":0,"comment_status":"closed","ping_status":"closed","template":"","meta":{"_acf_changed":false,"inline_featured_image":false,"footnotes":""},"class_list":["post-305","page","type-page","status-publish","hentry"],"acf":{"banner":"https:\/\/previews.elleven.digital\/acocearense\/wp-content\/uploads\/2025\/04\/aco-sistema-de-gestao.jpg","imagem":"https:\/\/previews.elleven.digital\/acocearense\/wp-content\/uploads\/2024\/11\/image-47.png","texto":"<p>\u2013 A linha de produ\u00e7\u00e3o do vergalh\u00e3o CA60, baseado na norma NBR 7480, em abril de 2002;<\/p>\n<p>\u2013 O Sistema de Gest\u00e3o da Qualidade, baseado na norma ISO 9001, em julho de 2003;<\/p>\n<p>O Sistema de gest\u00e3o do Grupo A\u00e7o Cearense vem evoluindo desde ent\u00e3o, promovendo a melhoria cont\u00ednua do seu processo, produto e sistema, que contribui para a supera\u00e7\u00e3o das expectativas dos clientes, mantendo sempre a Pol\u00edtica da Qualidade.<\/p>\n","certificados":[{"empresa":{"ID":134,"post_author":"1","post_date":"2024-09-18 11:08:03","post_date_gmt":"2024-09-18 14:08:03","post_content":"Localizada no Para\u0301, a qualidade do a\u00e7o SINOBRAS vai al\u00e9m da mat\u00e9ria-prima. \u00c9 fruto do compromisso e da dedica\u00e7\u00e3o de quem entende que cada estrutura precisa de resist\u00eancia, seguran\u00e7a e confiabilidade.","post_title":"SINOBRAS","post_excerpt":"","post_status":"publish","comment_status":"closed","ping_status":"closed","post_password":"","post_name":"sinobras","to_ping":"","pinged":"","post_modified":"2025-09-11 14:21:00","post_modified_gmt":"2025-09-11 17:21:00","post_content_filtered":"","post_parent":0,"guid":"https:\/\/previews.elleven.digital\/acocearense\/\/?post_type=empresa&#038;p=134","menu_order":2,"post_type":"empresa","post_mime_type":"","comment_count":"0","filter":"raw"},"texto":"Os produtos SINOBRAS s\u00e3o fabricados com a mais alta tecnologia dispon\u00edvel no mundo, atendendo a todos os requisitos da norma brasileira ABNT NBR 7480\/2007.","certificados":[{"titulo":"Certifica\u00e7\u00e3o de conformidade de acordo com a NBR 7480\/2007 SI 50, SI 60, a\u00e7os do Brasil","descricao":"Na A\u00e7o Cearense e SINOBRAS, a qualidade est\u00e1 presente em cada detalhe. Por isso, nossos vergalh\u00f5es seguem rigorosamente os crit\u00e9rios da NBR 7480, norma da Associa\u00e7\u00e3o Brasileira de Normas T\u00e9cnicas (ABNT) que estabelece os requisitos para a identifica\u00e7\u00e3o, propriedades e condi\u00e7\u00f5es de fornecimento de barras e fios de a\u00e7o destinados a armaduras para concreto armado.\r\n\r\nA certifica\u00e7\u00e3o NBR 7480 garante que nossos materiais atendem a padr\u00f5es elevados de resist\u00eancia, durabilidade e seguran\u00e7a, fundamentais para obras que exigem confian\u00e7a e desempenho estrutural.\r\n\r\nNosso compromisso com a conformidade normativa reflete n\u00e3o apenas nossa responsabilidade t\u00e9cnica, mas tamb\u00e9m o respeito aos nossos clientes, parceiros e ao mercado da constru\u00e7\u00e3o civil.\r\n\r\nConhe\u00e7a os certificados NBR 7480 da A\u00e7o Cearense e SINOBRAS.","tipo_de_certificado":[{"nome":"Certificados de Conformidade CA50","certificados":[{"nome":"CA50 N\u00ba 28.044\/23 \u2013 S\u00c9RIE FINA","arquivo":"https:\/\/previews.elleven.digital\/acocearense\/wp-content\/uploads\/2025\/05\/28.044_23-Certificado-14_09_26-CA50-Fina-Renovacao-Copia.pdf"},{"nome":"CA50 N\u00ba 28.045\/23 \u2013 S\u00c9RIE M\u00c9DIA","arquivo":"https:\/\/previews.elleven.digital\/acocearense\/wp-content\/uploads\/2025\/05\/28.045_23-Certificado-14_09_26-CA50-Media-Renovacao-Copia.pdf"},{"nome":"CA50 N\u00ba 28.046\/23 \u2013 S\u00c9RIE GROSSA","arquivo":"https:\/\/previews.elleven.digital\/acocearense\/wp-content\/uploads\/2025\/05\/28.046_23-Certificado-14_09_26-CA50-Grossa-Renovacao-Copia.pdf"},{"nome":"CA50 N\u00ba 28.047\/23 \u2013 S\u00c9RIE EXTRA GROSSA","arquivo":"https:\/\/previews.elleven.digital\/acocearense\/wp-content\/uploads\/2025\/05\/28.047_23-Certificado-14_09_26-CA50-Extra-Grossa-Renovacao-Copia.pdf"}]},{"nome":"Certificados de Conformidade CA60","certificados":[{"nome":"CA60 N\u00ba 28.044\/25","arquivo":"https:\/\/previews.elleven.digital\/acocearense\/wp-content\/uploads\/2025\/09\/28.044_25-Certificado-05_09_28-CA60_M-Recertificacao-NaoControlada.pdf"},{"nome":"CA60 N\u00ba 28.045\/25","arquivo":"https:\/\/previews.elleven.digital\/acocearense\/wp-content\/uploads\/2025\/09\/28.045_25-Certificado-05_09_28-CA60_F-Recertificacao-NaoControlada-2.pdf"}]}]},{"titulo":"ISO 9001: 2015","descricao":"No Grupo Aco Cearense,  qualidade n\u00e3o \u00e9 apenas um diferencial \u2014 \u00e9 um compromisso. Por isso, seguimos os padr\u00f5es da ISO 9001, a certifica\u00e7\u00e3o internacional que atesta a efici\u00eancia dos nossos processos e o foco cont\u00ednuo na satisfa\u00e7\u00e3o do cliente.\r\n \r\nDesde 2003 que a A\u00e7o Cearense atua com a cerifica\u00e7\u00e3o ISO 9001 na linha de produ\u00e7\u00e3o e comercializa\u00e7\u00e3o do CA60. O Sistema de Gest\u00e3o da Qualidade refor\u00e7a o compromisso com a transpar\u00eancia, responsabilidade e entrega de valor em tudo o que faz. \r\n \r\nA SINOBRAS conquistou a certifica\u00e7\u00e3o ISO 9001:2015 para seu Sistema de Gest\u00e3o da Qualidade no escopo de Fabrica\u00e7\u00e3o de barras e fios de a\u00e7o CA 50 e CA 60, telas e treli\u00e7as destinados a armadura para concreto armado. A certifica\u00e7\u00e3o ISO 9001:2015 atesta, de forma evidente, a solidez, a confiabilidade e a qualidade dos processos da SINOBRAS na comercializa\u00e7\u00e3o, aquisi\u00e7\u00e3o, produ\u00e7\u00e3o e log\u00edstica.\r\n \r\nEssas conquistas refor\u00e7am nossa capacidade de entregar produtos e servi\u00e7os com excel\u00eancia, cumprir prazos e superar expectativas. Com a ISO 9001, nossos clientes t\u00eam a certeza de contar com um grupo organizado, confi\u00e1vel e comprometido com a melhoria cont\u00ednua.\r\n \r\nConhe\u00e7a os certificados ISO 9001 da A\u00e7o Cearense e SINOBRAS.","tipo_de_certificado":[{"nome":"Certificado ISO 9001:2015","certificados":[{"nome":"Certificado  de Conformidade de Sistema de Gest\u00e3o da Qualidade","arquivo":"https:\/\/previews.elleven.digital\/acocearense\/wp-content\/uploads\/2025\/05\/23_158_15-Renovacao-18_07_2027.pdf"}]}]}]},{"empresa":{"ID":150,"post_author":"1","post_date":"2024-09-18 14:07:51","post_date_gmt":"2024-09-18 17:07:51","post_content":"A Ac\u0327o Cearense une a forc\u0327a industrial, comercial e logi\u0301stica para entregar aos clientes o melhor servic\u0327o e produto de forma ra\u0301pida, com facilidade de cre\u0301dito e a possibilidade de realizar pedidos fracionados, levando ac\u0327o para todo o pai\u0301s com dinamismo e excele\u0302ncia.","post_title":"A\u00e7o Cearense","post_excerpt":"","post_status":"publish","comment_status":"closed","ping_status":"closed","post_password":"","post_name":"aco-cearense","to_ping":"","pinged":"","post_modified":"2025-09-11 14:16:05","post_modified_gmt":"2025-09-11 17:16:05","post_content_filtered":"","post_parent":0,"guid":"https:\/\/previews.elleven.digital\/acocearense\/\/?post_type=empresa&#038;p=150","menu_order":1,"post_type":"empresa","post_mime_type":"","comment_count":"0","filter":"raw"},"texto":"","certificados":[{"titulo":"Produtos Certificados","descricao":"A linha de vergalh\u00f5es do Grupo A\u00e7o Cearense \u00e9 acreditada pelo Instituto Nacional de Metrologia, Normaliza\u00e7\u00e3o e Qualidade Industrial \u2013INMETRO.\r\nAbaixo est\u00e3o dispon\u00edveis os certificados de Qualidade relacionados aos produtos e ao sistema de gest\u00e3o:","tipo_de_certificado":[{"nome":"CONFIRA OS CERTIFICADOS","certificados":[{"nome":"ISO 9001:2015","arquivo":"https:\/\/previews.elleven.digital\/acocearense\/wp-content\/uploads\/2025\/05\/23.168_19-Certificado-09_10_25-Renovacao-4.pdf"},{"nome":"NBR7480:2007 \u2013 CA60 SF","arquivo":"https:\/\/previews.elleven.digital\/acocearense\/wp-content\/uploads\/2025\/05\/28.051_22-Certificado-CA60-Fina-24_10_25-Renovacao-2.pdf"},{"nome":"NBR7480:2007 \u2013 CA60 SM","arquivo":"https:\/\/previews.elleven.digital\/acocearense\/wp-content\/uploads\/2025\/05\/28.052_22-Certificado-CA60-Media-24_10_25-Renovacao-2.pdf"}]}]}]}]},"yoast_head":"<!-- This site is optimized with the Yoast SEO plugin v25.9 - https:\/\/yoast.com\/wordpress\/plugins\/seo\/ -->\n<title>Sistema de Gest\u00e3o de Qualidade - Grupo A\u00e7o Cearense<\/title>\n<meta name=\"robots\" content=\"index, follow, max-snippet:-1, max-image-preview:large, max-video-preview:-1\" \/>\n<link rel=\"canonical\" href=\"https:\/\/previews.elleven.digital\/acocearense\/en\/sistema-de-gestao-de-qualidade\/\" \/>\n<meta property=\"og:locale\" content=\"en_US\" \/>\n<meta property=\"og:type\" content=\"article\" \/>\n<meta property=\"og:title\" content=\"Sistema de Gest\u00e3o de Qualidade - Grupo A\u00e7o Cearense\" \/>\n<meta property=\"og:url\" content=\"https:\/\/previews.elleven.digital\/acocearense\/en\/sistema-de-gestao-de-qualidade\/\" \/>\n<meta property=\"og:site_name\" content=\"Grupo A\u00e7o Cearense\" \/>\n<meta property=\"article:modified_time\" content=\"2025-09-12T15:04:50+00:00\" \/>\n<meta property=\"og:image\" content=\"https:\/\/previews.elleven.digital\/acocearense\/wp-content\/uploads\/2025\/03\/open-graph.png\" \/>\n\t<meta property=\"og:image:width\" content=\"1200\" \/>\n\t<meta property=\"og:image:height\" content=\"675\" \/>\n\t<meta property=\"og:image:type\" content=\"image\/png\" \/>\n<meta name=\"twitter:card\" content=\"summary_large_image\" \/>\n<script type=\"application\/ld+json\" class=\"yoast-schema-graph\">{\"@context\":\"https:\/\/schema.org\",\"@graph\":[{\"@type\":\"WebPage\",\"@id\":\"https:\/\/previews.elleven.digital\/acocearense\/sistema-de-gestao-de-qualidade\/\",\"url\":\"https:\/\/previews.elleven.digital\/acocearense\/sistema-de-gestao-de-qualidade\/\",\"name\":\"Sistema de Gest\u00e3o de Qualidade - Grupo A\u00e7o Cearense\",\"isPartOf\":{\"@id\":\"https:\/\/previews.elleven.digital\/acocearense\/#website\"},\"datePublished\":\"2024-11-06T19:23:07+00:00\",\"dateModified\":\"2025-09-12T15:04:50+00:00\",\"breadcrumb\":{\"@id\":\"https:\/\/previews.elleven.digital\/acocearense\/sistema-de-gestao-de-qualidade\/#breadcrumb\"},\"inLanguage\":\"en-US\",\"potentialAction\":[{\"@type\":\"ReadAction\",\"target\":[\"https:\/\/previews.elleven.digital\/acocearense\/sistema-de-gestao-de-qualidade\/\"]}]},{\"@type\":\"BreadcrumbList\",\"@id\":\"https:\/\/previews.elleven.digital\/acocearense\/sistema-de-gestao-de-qualidade\/#breadcrumb\",\"itemListElement\":[{\"@type\":\"ListItem\",\"position\":1,\"name\":\"In\u00edcio\",\"item\":\"https:\/\/previews.elleven.digital\/acocearense\/\"},{\"@type\":\"ListItem\",\"position\":2,\"name\":\"Sistema de Gest\u00e3o de Qualidade\"}]},{\"@type\":\"WebSite\",\"@id\":\"https:\/\/previews.elleven.digital\/acocearense\/#website\",\"url\":\"https:\/\/previews.elleven.digital\/acocearense\/\",\"name\":\"A\u00e7o Cearense\",\"description\":\"H\u00e1 mais de 45 anos no mercado brasileiro do a\u00e7o.\",\"alternateName\":\"A\u00e7o Cearense\",\"potentialAction\":[{\"@type\":\"SearchAction\",\"target\":{\"@type\":\"EntryPoint\",\"urlTemplate\":\"https:\/\/previews.elleven.digital\/acocearense\/?s={search_term_string}\"},\"query-input\":{\"@type\":\"PropertyValueSpecification\",\"valueRequired\":true,\"valueName\":\"search_term_string\"}}],\"inLanguage\":\"en-US\"}]}<\/script>\n<!-- \/ Yoast SEO plugin. -->","yoast_head_json":{"title":"Sistema de Gest\u00e3o de Qualidade - Grupo A\u00e7o Cearense","robots":{"index":"index","follow":"follow","max-snippet":"max-snippet:-1","max-image-preview":"max-image-preview:large","max-video-preview":"max-video-preview:-1"},"canonical":"https:\/\/previews.elleven.digital\/acocearense\/en\/sistema-de-gestao-de-qualidade\/","og_locale":"en_US","og_type":"article","og_title":"Sistema de Gest\u00e3o de Qualidade - Grupo A\u00e7o Cearense","og_url":"https:\/\/previews.elleven.digital\/acocearense\/en\/sistema-de-gestao-de-qualidade\/","og_site_name":"Grupo A\u00e7o Cearense","article_modified_time":"2025-09-12T15:04:50+00:00","og_image":[{"width":1200,"height":675,"url":"https:\/\/previews.elleven.digital\/acocearense\/wp-content\/uploads\/2025\/03\/open-graph.png","type":"image\/png"}],"twitter_card":"summary_large_image","schema":{"@context":"https:\/\/schema.org","@graph":[{"@type":"WebPage","@id":"https:\/\/previews.elleven.digital\/acocearense\/sistema-de-gestao-de-qualidade\/","url":"https:\/\/previews.elleven.digital\/acocearense\/sistema-de-gestao-de-qualidade\/","name":"Sistema de Gest\u00e3o de Qualidade - Grupo A\u00e7o Cearense","isPartOf":{"@id":"https:\/\/previews.elleven.digital\/acocearense\/#website"},"datePublished":"2024-11-06T19:23:07+00:00","dateModified":"2025-09-12T15:04:50+00:00","breadcrumb":{"@id":"https:\/\/previews.elleven.digital\/acocearense\/sistema-de-gestao-de-qualidade\/#breadcrumb"},"inLanguage":"en-US","potentialAction":[{"@type":"ReadAction","target":["https:\/\/previews.elleven.digital\/acocearense\/sistema-de-gestao-de-qualidade\/"]}]},{"@type":"BreadcrumbList","@id":"https:\/\/previews.elleven.digital\/acocearense\/sistema-de-gestao-de-qualidade\/#breadcrumb","itemListElement":[{"@type":"ListItem","position":1,"name":"In\u00edcio","item":"https:\/\/previews.elleven.digital\/acocearense\/"},{"@type":"ListItem","position":2,"name":"Sistema de Gest\u00e3o de Qualidade"}]},{"@type":"WebSite","@id":"https:\/\/previews.elleven.digital\/acocearense\/#website","url":"https:\/\/previews.elleven.digital\/acocearense\/","name":"Cear\u00e1 Steel","description":"We have been in the Brazilian steel market for over 45 years.","alternateName":"A\u00e7o Cearense","potentialAction":[{"@type":"SearchAction","target":{"@type":"EntryPoint","urlTemplate":"https:\/\/previews.elleven.digital\/acocearense\/?s={search_term_string}"},"query-input":{"@type":"PropertyValueSpecification","valueRequired":true,"valueName":"search_term_string"}}],"inLanguage":"en-US"}]}},"_links":{"self":[{"href":"https:\/\/previews.elleven.digital\/acocearense\/en\/wp-json\/wp\/v2\/pages\/305","targetHints":{"allow":["GET"]}}],"collection":[{"href":"https:\/\/previews.elleven.digital\/acocearense\/en\/wp-json\/wp\/v2\/pages"}],"about":[{"href":"https:\/\/previews.elleven.digital\/acocearense\/en\/wp-json\/wp\/v2\/types\/page"}],"author":[{"embeddable":true,"href":"https:\/\/previews.elleven.digital\/acocearense\/en\/wp-json\/wp\/v2\/users\/1"}],"replies":[{"embeddable":true,"href":"https:\/\/previews.elleven.digital\/acocearense\/en\/wp-json\/wp\/v2\/comments?post=305"}],"version-history":[{"count":16,"href":"https:\/\/previews.elleven.digital\/acocearense\/en\/wp-json\/wp\/v2\/pages\/305\/revisions"}],"predecessor-version":[{"id":22533,"href":"https:\/\/previews.elleven.digital\/acocearense\/en\/wp-json\/wp\/v2\/pages\/305\/revisions\/22533"}],"wp:attachment":[{"href":"https:\/\/previews.elleven.digital\/acocearense\/en\/wp-json\/wp\/v2\/media?parent=305"}],"curies":[{"name":"wp","href":"https:\/\/api.w.org\/{rel}","templated":true}]}}